{"id":164467,"date":"2023-11-17T20:00:13","date_gmt":"2023-11-17T18:00:13","guid":{"rendered":"https:\/\/helpsnowboards.com\/non%20class\u00e9\/the-mountain-2023-2024\/"},"modified":"2025-04-25T17:35:40","modified_gmt":"2025-04-25T15:35:40","slug":"the-mountain-2023-2024","status":"publish","type":"product","link":"https:\/\/helpsnowboards.com\/fr\/planches-de-snowboard\/the-mountain-2023-2024\/","title":{"rendered":"The Mountain 2023-2025 (HELP x PeBe)"},"content":{"rendered":"\r\n<div class=\"wp-block-columns has-ast-global-color-6-background-color has-background is-layout-flex wp-container-core-columns-is-layout-d121b3d4 wp-block-columns-is-layout-flex\" style=\"padding-top: 80px\">\r\n<div class=\"wp-block-column is-layout-flow wp-block-column-is-layout-flow\">\r\n<p class=\"tec_title\">Flex<\/p>\r\n\r\n\r\n\r\n<figure class=\"wp-block-image size-full\"><img loading=\"lazy\" decoding=\"async\" width=\"624\" height=\"79\" class=\"wp-image-5470\" src=\"https:\/\/helpsnowboards.com\/wp-content\/uploads\/2018\/04\/flex.png\" alt=\"\" srcset=\"https:\/\/helpsnowboards.com\/wp-content\/uploads\/2018\/04\/flex.png 624w, https:\/\/helpsnowboards.com\/wp-content\/uploads\/2018\/04\/flex-150x19.png 150w, https:\/\/helpsnowboards.com\/wp-content\/uploads\/2018\/04\/flex-300x38.png 300w, https:\/\/helpsnowboards.com\/wp-content\/uploads\/2018\/04\/flex-600x76.png 600w\" sizes=\"auto, (max-width: 624px) 100vw, 624px\" \/><\/figure>\r\n\r\n\r\n\r\n<p class=\"tec_title\">Level<\/p>\r\n\r\n\r\n\r\n<figure class=\"wp-block-image is-resized\"><img loading=\"lazy\" decoding=\"async\" width=\"624\" height=\"93\" class=\"wp-image-5471\" src=\"https:\/\/helpsnowboards.com\/wp-content\/uploads\/2018\/04\/level.png\" alt=\"Level\" srcset=\"https:\/\/helpsnowboards.com\/wp-content\/uploads\/2018\/04\/level.png 624w, https:\/\/helpsnowboards.com\/wp-content\/uploads\/2018\/04\/level-150x22.png 150w, https:\/\/helpsnowboards.com\/wp-content\/uploads\/2018\/04\/level-300x45.png 300w, https:\/\/helpsnowboards.com\/wp-content\/uploads\/2018\/04\/level-600x89.png 600w\" sizes=\"auto, (max-width: 624px) 100vw, 624px\" \/><\/figure>\r\n\r\n\r\n\r\n<p class=\"tec_title\">Terrain<\/p>\r\n\r\n\r\n\r\n<figure class=\"wp-block-image size-full\"><img loading=\"lazy\" decoding=\"async\" width=\"753\" height=\"264\" class=\"wp-image-96993\" src=\"https:\/\/helpsnowboards.com\/wp-content\/uploads\/2022\/12\/Terrain_The-mountain.png\" alt=\"\" srcset=\"https:\/\/helpsnowboards.com\/wp-content\/uploads\/2022\/12\/Terrain_The-mountain.png 753w, https:\/\/helpsnowboards.com\/wp-content\/uploads\/2022\/12\/Terrain_The-mountain-300x105.png 300w, https:\/\/helpsnowboards.com\/wp-content\/uploads\/2022\/12\/Terrain_The-mountain-150x53.png 150w, https:\/\/helpsnowboards.com\/wp-content\/uploads\/2022\/12\/Terrain_The-mountain-600x210.png 600w\" sizes=\"auto, (max-width: 753px) 100vw, 753px\" \/><\/figure>\r\n\r\n\r\n\r\n<p class=\"tec_title\">Camber profile<\/p>\r\n\r\n\r\n\r\n<figure class=\"wp-block-image size-full\"><img loading=\"lazy\" decoding=\"async\" width=\"5559\" height=\"3125\" class=\"wp-image-6474\" src=\"https:\/\/helpsnowboards.com\/wp-content\/uploads\/2018\/11\/2.-Camber-HELP-THE-MOUNTAIN.png\" alt=\"Tipos de camber\" srcset=\"https:\/\/helpsnowboards.com\/wp-content\/uploads\/2018\/11\/2.-Camber-HELP-THE-MOUNTAIN.png 5559w, https:\/\/helpsnowboards.com\/wp-content\/uploads\/2018\/11\/2.-Camber-HELP-THE-MOUNTAIN-150x84.png 150w, https:\/\/helpsnowboards.com\/wp-content\/uploads\/2018\/11\/2.-Camber-HELP-THE-MOUNTAIN-300x169.png 300w, https:\/\/helpsnowboards.com\/wp-content\/uploads\/2018\/11\/2.-Camber-HELP-THE-MOUNTAIN-768x432.png 768w, https:\/\/helpsnowboards.com\/wp-content\/uploads\/2018\/11\/2.-Camber-HELP-THE-MOUNTAIN-1024x576.png 1024w, https:\/\/helpsnowboards.com\/wp-content\/uploads\/2018\/11\/2.-Camber-HELP-THE-MOUNTAIN-600x337.png 600w\" sizes=\"auto, (max-width: 5559px) 100vw, 5559px\" \/><\/figure>\r\n<\/div>\r\n\r\n\r\n\r\n<div class=\"wp-block-column is-layout-flow wp-block-column-is-layout-flow\">\r\n<p class=\"tec_title\">Technologie<\/p>\r\n\r\n\r\n\r\n<p><strong>Carbon \/ Kevlar Tech<\/strong> : Fibre de carbone m\u00e9lang\u00e9e \u00e0 du Kevlar dans une forme &gt;-&lt; pour augmenter la r\u00e9activit\u00e9 et optimiser la torsion.<\/p>\r\n<p><strong>Mat\u00e9riau de base<\/strong> : P Tex 3000, la meilleure semelle fritt\u00e9e que HELP Snowboards ait eue \u00e0 ce jour. Oui, elle est sup\u00e9rieure \u00e0 l&rsquo;IS 7200 (le nombre ne signifie pas la densit\u00e9 ou la qualit\u00e9).<\/p>\r\n<p><strong>Structure de la semelle<\/strong> : La semelle a une structure diagonale, comme les planches de comp\u00e9tition, pour obtenir plus de vitesse.<\/p>\r\n<p><strong>Fibre de verre<\/strong> : Fibre de verre triaxiale. Elle offre une conduite tr\u00e8s dynamique et une excellente r\u00e9ponse.<\/p>\r\n<p><strong>Noyau<\/strong> : Noyau en bois de peuplier. Tr\u00e8s l\u00e9ger, r\u00e9sistant et avec un excellent travail m\u00e9canique.<\/p>\r\n<p><strong>Shape<\/strong> : True Twin Tip shape, pour que vous puissiez rider aussi confortablement que le switch.<\/p>\r\n<\/div>\r\n<\/div>\r\n\r\n\r\n\r\n<p class=\"medium_title\">Sp\u00e9cifications techniques<\/p>\r\n\r\n\r\n\r\n<div>\r\n<table width=\"328\">\r\n<tbody>\r\n<tr>\r\n<td width=\"162\">BOARD LENGTH (CM)<\/td>\r\n<td width=\"83\">153<\/td>\r\n<td width=\"83\">156<\/td>\r\n<td width=\"83\">158W<\/td>\r\n<\/tr>\r\n<tr>\r\n<td>WAIST WIDTH (CM)<\/td>\r\n<td>25,2<\/td>\r\n<td>25,3<\/td>\r\n<td>26,2<\/td>\r\n<\/tr>\r\n<tr>\r\n<td>TIP WIDTH (CM)<\/td>\r\n<td>29,48<\/td>\r\n<td>29,84<\/td>\r\n<td>30,65<\/td>\r\n<\/tr>\r\n<tr>\r\n<td>TAIL WIDTH (CM)<\/td>\r\n<td>29,48<\/td>\r\n<td>29,84<\/td>\r\n<td>30,65<\/td>\r\n<\/tr>\r\n<tr>\r\n<td>SIDECUT RADIUS (M)<\/td>\r\n<td>7,6<\/td>\r\n<td>7,7<\/td>\r\n<td>7,9<\/td>\r\n<\/tr>\r\n<tr>\r\n<td>RUNNING LENGTH (CM)<\/td>\r\n<td>112,1<\/td>\r\n<td>115,9<\/td>\r\n<td>116,49<\/td>\r\n<\/tr>\r\n<tr>\r\n<td>EFFECTIVE EDGE (CM)<\/td>\r\n<td>116,2<\/td>\r\n<td>120,26<\/td>\r\n<td>121,7<\/td>\r\n<\/tr>\r\n<tr>\r\n<td>STANCE SETBACK (CM)<\/td>\r\n<td>0<\/td>\r\n<td>0<\/td>\r\n<td>0<\/td>\r\n<\/tr>\r\n<\/tbody>\r\n<\/table>\r\n<\/div>\r\n","protected":false},"excerpt":{"rendered":"<ul>\n<li>\n<p>La planche la plus puissante de HELP est de retour avec des performances am\u00e9lior\u00e9es et un design tr\u00e8s, tr\u00e8s sp\u00e9cial. Si tu aimes carver dur sur la piste, profiter des journ\u00e9es de poudreuse, faire de gros sauts ou grinder les meilleurs rails dans le snowpark, tu as trouv\u00e9 la planche que tu cherchais.<\/p>\n<p>Il s&rsquo;agit d&rsquo;une True Twin Tip (bien qu&rsquo;elle ait quelques inserts suppl\u00e9mentaires un peu plus tardifs pour que vous puissiez profiter pleinement des journ\u00e9es de poudreuse) avec un cambre traditionnel. Cette ann\u00e9e, nous avons am\u00e9lior\u00e9 la qualit\u00e9 de sa structure interne avec une combinaison de kevlar et de carbone qui lui permet de gagner en r\u00e9activit\u00e9 et, en m\u00eame temps, d&rsquo;am\u00e9liorer sa stabilit\u00e9. S&rsquo;il y avait une marge de progression avec les semelles HELP, nous l&rsquo;avons grignot\u00e9e avec ces am\u00e9liorations, un vrai bijou !<\/p>\n<\/li>\n<\/ul>\n<p>&nbsp;<\/p>\n<ul>\n<li><span style=\"font-weight: 400\">Le design est l&rsquo;\u0153uvre du seul et unique PeBe Studio, qui a cr\u00e9\u00e9 une capsule tr\u00e8s sp\u00e9ciale compos\u00e9e de cette planche et de The Power. Voulez-vous en savoir plus sur le travail que nous avons r\u00e9alis\u00e9 ensemble ? Cliquez ici pour le d\u00e9couvrir.<\/span> Nous vous en parlons <a href=\"https:\/\/helpsnowboards.com\/capsula-the-mountain-the-power\/\">ici<\/a>.<\/li>\n<\/ul>\n<p>Si vous avez besoin de conseils personnalis\u00e9s, <a href=\"https:\/\/wa.me\/34626825518?text=Hola%20Help%20Snowboards,%20tengo%20una%20consulta:%20\">cliquez ici pour nous poser une question via Whatsapp\u00a0<\/a><\/p>\n<p>&nbsp;<\/p>\n<ul>\n<li>PRIX SI NOUS AVIONS DES INTERM\u00c9DIAIRES:<strong> 700\u20ac<\/strong><\/li>\n<\/ul>\n","protected":false},"featured_media":162421,"template":"","meta":{"_acf_changed":false,"_kad_blocks_custom_css":"","_kad_blocks_head_custom_js":"","_kad_blocks_body_custom_js":"","_kad_blocks_footer_custom_js":"","site-sidebar-layout":"no-sidebar","site-content-layout":"plain-container","ast-site-content-layout":"normal-width-container","site-content-style":"unboxed","site-sidebar-style":"unboxed","ast-global-header-display":"","ast-banner-title-visibility":"","ast-main-header-display":"","ast-hfb-above-header-display":"","ast-hfb-below-header-display":"","ast-hfb-mobile-header-display":"","site-post-title":"disabled","ast-breadcrumbs-content":"","ast-featured-img":"disabled","footer-sml-layout":"","ast-disable-related-posts":"","theme-transparent-header-meta":"default","adv-header-id-meta":"","stick-header-meta":"default","header-above-stick-meta":"","header-main-stick-meta":"","header-below-stick-meta":"","astra-migrate-meta-layouts":"set","ast-page-background-enabled":"default","ast-page-background-meta":{"desktop":{"background-color":"var(--ast-global-color-4)","background-image":"","background-repeat":"repeat","background-position":"center center","background-size":"auto","background-attachment":"scroll","background-type":"","background-media":"","overlay-type":"","overlay-color":"","overlay-opacity":"","overlay-gradient":""},"tablet":{"background-color":"","background-image":"","background-repeat":"repeat","background-position":"center center","background-size":"auto","background-attachment":"scroll","background-type":"","background-media":"","overlay-type":"","overlay-color":"","overlay-opacity":"","overlay-gradient":""},"mobile":{"background-color":"","background-image":"","background-repeat":"repeat","background-position":"center center","background-size":"auto","background-attachment":"scroll","background-type":"","background-media":"","overlay-type":"","overlay-color":"","overlay-opacity":"","overlay-gradient":""}},"ast-content-background-meta":{"desktop":{"background-color":"var(--ast-global-color-5)","background-image":"","background-repeat":"repeat","background-position":"center center","background-size":"auto","background-attachment":"scroll","background-type":"","background-media":"","overlay-type":"","overlay-color":"","overlay-opacity":"","overlay-gradient":""},"tablet":{"background-color":"var(--ast-global-color-5)","background-image":"","background-repeat":"repeat","background-position":"center center","background-size":"auto","background-attachment":"scroll","background-type":"","background-media":"","overlay-type":"","overlay-color":"","overlay-opacity":"","overlay-gradient":""},"mobile":{"background-color":"var(--ast-global-color-5)","background-image":"","background-repeat":"repeat","background-position":"center center","background-size":"auto","background-attachment":"scroll","background-type":"","background-media":"","overlay-type":"","overlay-color":"","overlay-opacity":"","overlay-gradient":""}},"_glsr_average":0,"_glsr_ranking":0,"_glsr_reviews":0},"product_brand":[],"product_cat":[236,715],"product_tag":[367],"class_list":{"0":"post-164467","1":"product","2":"type-product","3":"status-publish","4":"has-post-thumbnail","6":"product_cat-planches-de-snowboard","7":"product_cat-snowboards-homme","8":"product_tag-promo-snowboard","9":"product_shipping_class-novedades-fr-2","10":"desktop-align-left","11":"tablet-align-left","12":"mobile-align-left","13":"ast-product-gallery-layout-vertical","14":"ast-magnify-disabled","15":"ast-product-single-variable","17":"first","18":"instock","19":"sale","20":"sold-individually","21":"shipping-taxable","22":"purchasable","23":"product-type-variable"},"acf":[],"yoast_head":"<!-- This site is optimized with the Yoast SEO plugin v27.5 - https:\/\/yoast.com\/product\/yoast-seo-wordpress\/ -->\n<title>Tablas Help Snowboards Mountain Freestyle | The Mountain<\/title>\n<meta name=\"description\" content=\"Help The Mountain es una tabla de snow ligera y maniobrable, c\u00f3moda y divertida para todos los niveles. Solo disponible en nuestra p\u00e1gina web \u00a1Entra y c\u00f3mprala!\" \/>\n<meta name=\"robots\" content=\"index, follow, max-snippet:-1, max-image-preview:large, max-video-preview:-1\" \/>\n<link rel=\"canonical\" href=\"https:\/\/helpsnowboards.com\/fr\/planches-de-snowboard\/the-mountain-2023-2024\/\" \/>\n<meta property=\"og:locale\" content=\"fr_FR\" \/>\n<meta property=\"og:type\" content=\"article\" \/>\n<meta property=\"og:title\" content=\"Tablas Help Snowboards Mountain Freestyle | The Mountain\" \/>\n<meta property=\"og:description\" content=\"Help The Mountain es una tabla de snow ligera y maniobrable, c\u00f3moda y divertida para todos los niveles. Solo disponible en nuestra p\u00e1gina web \u00a1Entra y c\u00f3mprala!\" \/>\n<meta property=\"og:url\" content=\"https:\/\/helpsnowboards.com\/fr\/planches-de-snowboard\/the-mountain-2023-2024\/\" \/>\n<meta property=\"og:site_name\" content=\"Help Snowboards\" \/>\n<meta property=\"article:publisher\" content=\"https:\/\/www.facebook.com\/helpsnowboards\/\" \/>\n<meta property=\"article:modified_time\" content=\"2025-04-25T15:35:40+00:00\" \/>\n<meta property=\"og:image\" content=\"https:\/\/helpsnowboards.com\/wp-content\/uploads\/2023\/11\/1-2.jpg\" \/>\n\t<meta property=\"og:image:width\" content=\"1281\" \/>\n\t<meta property=\"og:image:height\" content=\"1920\" \/>\n\t<meta property=\"og:image:type\" content=\"image\/jpeg\" \/>\n<meta name=\"twitter:card\" content=\"summary_large_image\" \/>\n<meta name=\"twitter:site\" content=\"@helpsnowboards\" \/>\n<meta name=\"twitter:label1\" content=\"Dur\u00e9e de lecture estim\u00e9e\" \/>\n\t<meta name=\"twitter:data1\" content=\"2 minutes\" \/>\n<script type=\"application\/ld+json\" class=\"yoast-schema-graph\">{\"@context\":\"https:\\\/\\\/schema.org\",\"@graph\":[{\"@type\":\"WebPage\",\"@id\":\"https:\\\/\\\/helpsnowboards.com\\\/fr\\\/planches-de-snowboard\\\/the-mountain-2023-2024\\\/\",\"url\":\"https:\\\/\\\/helpsnowboards.com\\\/fr\\\/planches-de-snowboard\\\/the-mountain-2023-2024\\\/\",\"name\":\"Tablas Help Snowboards Mountain Freestyle | The Mountain\",\"isPartOf\":{\"@id\":\"https:\\\/\\\/helpsnowboards.com\\\/#website\"},\"primaryImageOfPage\":{\"@id\":\"https:\\\/\\\/helpsnowboards.com\\\/fr\\\/planches-de-snowboard\\\/the-mountain-2023-2024\\\/#primaryimage\"},\"image\":{\"@id\":\"https:\\\/\\\/helpsnowboards.com\\\/fr\\\/planches-de-snowboard\\\/the-mountain-2023-2024\\\/#primaryimage\"},\"thumbnailUrl\":\"https:\\\/\\\/helpsnowboards.com\\\/wp-content\\\/uploads\\\/2023\\\/11\\\/1-2.jpg\",\"datePublished\":\"2023-11-17T18:00:13+00:00\",\"dateModified\":\"2025-04-25T15:35:40+00:00\",\"description\":\"Help The Mountain es una tabla de snow ligera y maniobrable, c\u00f3moda y divertida para todos los niveles. Solo disponible en nuestra p\u00e1gina web \u00a1Entra y c\u00f3mprala!\",\"breadcrumb\":{\"@id\":\"https:\\\/\\\/helpsnowboards.com\\\/fr\\\/planches-de-snowboard\\\/the-mountain-2023-2024\\\/#breadcrumb\"},\"inLanguage\":\"fr-FR\",\"potentialAction\":[{\"@type\":\"ReadAction\",\"target\":[\"https:\\\/\\\/helpsnowboards.com\\\/fr\\\/planches-de-snowboard\\\/the-mountain-2023-2024\\\/\"]}]},{\"@type\":\"ImageObject\",\"inLanguage\":\"fr-FR\",\"@id\":\"https:\\\/\\\/helpsnowboards.com\\\/fr\\\/planches-de-snowboard\\\/the-mountain-2023-2024\\\/#primaryimage\",\"url\":\"https:\\\/\\\/helpsnowboards.com\\\/wp-content\\\/uploads\\\/2023\\\/11\\\/1-2.jpg\",\"contentUrl\":\"https:\\\/\\\/helpsnowboards.com\\\/wp-content\\\/uploads\\\/2023\\\/11\\\/1-2.jpg\",\"width\":1281,\"height\":1920},{\"@type\":\"BreadcrumbList\",\"@id\":\"https:\\\/\\\/helpsnowboards.com\\\/fr\\\/planches-de-snowboard\\\/the-mountain-2023-2024\\\/#breadcrumb\",\"itemListElement\":[{\"@type\":\"ListItem\",\"position\":1,\"name\":\"Portada\",\"item\":\"https:\\\/\\\/helpsnowboards.com\\\/\"},{\"@type\":\"ListItem\",\"position\":2,\"name\":\"zbotiga\",\"item\":\"https:\\\/\\\/helpsnowboards.com\\\/zbotiga\\\/\"},{\"@type\":\"ListItem\",\"position\":3,\"name\":\"The Mountain 2023-2025 (HELP x PeBe)\"}]},{\"@type\":\"WebSite\",\"@id\":\"https:\\\/\\\/helpsnowboards.com\\\/#website\",\"url\":\"https:\\\/\\\/helpsnowboards.com\\\/\",\"name\":\"Help Snowboards\",\"description\":\"\",\"publisher\":{\"@id\":\"https:\\\/\\\/helpsnowboards.com\\\/#organization\"},\"potentialAction\":[{\"@type\":\"SearchAction\",\"target\":{\"@type\":\"EntryPoint\",\"urlTemplate\":\"https:\\\/\\\/helpsnowboards.com\\\/?s={search_term_string}\"},\"query-input\":{\"@type\":\"PropertyValueSpecification\",\"valueRequired\":true,\"valueName\":\"search_term_string\"}}],\"inLanguage\":\"fr-FR\"},{\"@type\":\"Organization\",\"@id\":\"https:\\\/\\\/helpsnowboards.com\\\/#organization\",\"name\":\"Help Snowboards\",\"url\":\"https:\\\/\\\/helpsnowboards.com\\\/\",\"logo\":{\"@type\":\"ImageObject\",\"inLanguage\":\"fr-FR\",\"@id\":\"https:\\\/\\\/helpsnowboards.com\\\/#\\\/schema\\\/logo\\\/image\\\/\",\"url\":\"https:\\\/\\\/helpsnowboards.com\\\/wp-content\\\/uploads\\\/2018\\\/04\\\/logo.png\",\"contentUrl\":\"https:\\\/\\\/helpsnowboards.com\\\/wp-content\\\/uploads\\\/2018\\\/04\\\/logo.png\",\"width\":136,\"height\":141,\"caption\":\"Help Snowboards\"},\"image\":{\"@id\":\"https:\\\/\\\/helpsnowboards.com\\\/#\\\/schema\\\/logo\\\/image\\\/\"},\"sameAs\":[\"https:\\\/\\\/www.facebook.com\\\/helpsnowboards\\\/\",\"https:\\\/\\\/x.com\\\/helpsnowboards\",\"https:\\\/\\\/www.instagram.com\\\/helpsnowboards\\\/\",\"https:\\\/\\\/www.youtube.com\\\/channel\\\/UCzTezEg9zYWF4gaXVLyExTw?view_as=subscriber\"]}]}<\/script>\n<!-- \/ Yoast SEO plugin. -->","yoast_head_json":{"title":"Tablas Help Snowboards Mountain Freestyle | The Mountain","description":"Help The Mountain es una tabla de snow ligera y maniobrable, c\u00f3moda y divertida para todos los niveles. Solo disponible en nuestra p\u00e1gina web \u00a1Entra y c\u00f3mprala!","robots":{"index":"index","follow":"follow","max-snippet":"max-snippet:-1","max-image-preview":"max-image-preview:large","max-video-preview":"max-video-preview:-1"},"canonical":"https:\/\/helpsnowboards.com\/fr\/planches-de-snowboard\/the-mountain-2023-2024\/","og_locale":"fr_FR","og_type":"article","og_title":"Tablas Help Snowboards Mountain Freestyle | The Mountain","og_description":"Help The Mountain es una tabla de snow ligera y maniobrable, c\u00f3moda y divertida para todos los niveles. Solo disponible en nuestra p\u00e1gina web \u00a1Entra y c\u00f3mprala!","og_url":"https:\/\/helpsnowboards.com\/fr\/planches-de-snowboard\/the-mountain-2023-2024\/","og_site_name":"Help Snowboards","article_publisher":"https:\/\/www.facebook.com\/helpsnowboards\/","article_modified_time":"2025-04-25T15:35:40+00:00","og_image":[{"width":1281,"height":1920,"url":"https:\/\/helpsnowboards.com\/wp-content\/uploads\/2023\/11\/1-2.jpg","type":"image\/jpeg"}],"twitter_card":"summary_large_image","twitter_site":"@helpsnowboards","twitter_misc":{"Dur\u00e9e de lecture estim\u00e9e":"2 minutes"},"schema":{"@context":"https:\/\/schema.org","@graph":[{"@type":"WebPage","@id":"https:\/\/helpsnowboards.com\/fr\/planches-de-snowboard\/the-mountain-2023-2024\/","url":"https:\/\/helpsnowboards.com\/fr\/planches-de-snowboard\/the-mountain-2023-2024\/","name":"Tablas Help Snowboards Mountain Freestyle | The Mountain","isPartOf":{"@id":"https:\/\/helpsnowboards.com\/#website"},"primaryImageOfPage":{"@id":"https:\/\/helpsnowboards.com\/fr\/planches-de-snowboard\/the-mountain-2023-2024\/#primaryimage"},"image":{"@id":"https:\/\/helpsnowboards.com\/fr\/planches-de-snowboard\/the-mountain-2023-2024\/#primaryimage"},"thumbnailUrl":"https:\/\/helpsnowboards.com\/wp-content\/uploads\/2023\/11\/1-2.jpg","datePublished":"2023-11-17T18:00:13+00:00","dateModified":"2025-04-25T15:35:40+00:00","description":"Help The Mountain es una tabla de snow ligera y maniobrable, c\u00f3moda y divertida para todos los niveles. Solo disponible en nuestra p\u00e1gina web \u00a1Entra y c\u00f3mprala!","breadcrumb":{"@id":"https:\/\/helpsnowboards.com\/fr\/planches-de-snowboard\/the-mountain-2023-2024\/#breadcrumb"},"inLanguage":"fr-FR","potentialAction":[{"@type":"ReadAction","target":["https:\/\/helpsnowboards.com\/fr\/planches-de-snowboard\/the-mountain-2023-2024\/"]}]},{"@type":"ImageObject","inLanguage":"fr-FR","@id":"https:\/\/helpsnowboards.com\/fr\/planches-de-snowboard\/the-mountain-2023-2024\/#primaryimage","url":"https:\/\/helpsnowboards.com\/wp-content\/uploads\/2023\/11\/1-2.jpg","contentUrl":"https:\/\/helpsnowboards.com\/wp-content\/uploads\/2023\/11\/1-2.jpg","width":1281,"height":1920},{"@type":"BreadcrumbList","@id":"https:\/\/helpsnowboards.com\/fr\/planches-de-snowboard\/the-mountain-2023-2024\/#breadcrumb","itemListElement":[{"@type":"ListItem","position":1,"name":"Portada","item":"https:\/\/helpsnowboards.com\/"},{"@type":"ListItem","position":2,"name":"zbotiga","item":"https:\/\/helpsnowboards.com\/zbotiga\/"},{"@type":"ListItem","position":3,"name":"The Mountain 2023-2025 (HELP x PeBe)"}]},{"@type":"WebSite","@id":"https:\/\/helpsnowboards.com\/#website","url":"https:\/\/helpsnowboards.com\/","name":"Help Snowboards","description":"","publisher":{"@id":"https:\/\/helpsnowboards.com\/#organization"},"potentialAction":[{"@type":"SearchAction","target":{"@type":"EntryPoint","urlTemplate":"https:\/\/helpsnowboards.com\/?s={search_term_string}"},"query-input":{"@type":"PropertyValueSpecification","valueRequired":true,"valueName":"search_term_string"}}],"inLanguage":"fr-FR"},{"@type":"Organization","@id":"https:\/\/helpsnowboards.com\/#organization","name":"Help Snowboards","url":"https:\/\/helpsnowboards.com\/","logo":{"@type":"ImageObject","inLanguage":"fr-FR","@id":"https:\/\/helpsnowboards.com\/#\/schema\/logo\/image\/","url":"https:\/\/helpsnowboards.com\/wp-content\/uploads\/2018\/04\/logo.png","contentUrl":"https:\/\/helpsnowboards.com\/wp-content\/uploads\/2018\/04\/logo.png","width":136,"height":141,"caption":"Help Snowboards"},"image":{"@id":"https:\/\/helpsnowboards.com\/#\/schema\/logo\/image\/"},"sameAs":["https:\/\/www.facebook.com\/helpsnowboards\/","https:\/\/x.com\/helpsnowboards","https:\/\/www.instagram.com\/helpsnowboards\/","https:\/\/www.youtube.com\/channel\/UCzTezEg9zYWF4gaXVLyExTw?view_as=subscriber"]}]}},"taxonomy_info":{"product_cat":[{"value":236,"label":"Planches de snowboard"},{"value":715,"label":"Snowboards pour hommes"}],"product_tag":[{"value":367,"label":"promo-snowboard"}]},"featured_image_src_large":["https:\/\/helpsnowboards.com\/wp-content\/uploads\/2023\/11\/1-2-683x1024.jpg",683,1024,true],"author_info":[],"comment_info":"","_links":{"self":[{"href":"https:\/\/helpsnowboards.com\/fr\/wp-json\/wp\/v2\/product\/164467","targetHints":{"allow":["GET"]}}],"collection":[{"href":"https:\/\/helpsnowboards.com\/fr\/wp-json\/wp\/v2\/product"}],"about":[{"href":"https:\/\/helpsnowboards.com\/fr\/wp-json\/wp\/v2\/types\/product"}],"wp:featuredmedia":[{"embeddable":true,"href":"https:\/\/helpsnowboards.com\/fr\/wp-json\/wp\/v2\/media\/162421"}],"wp:attachment":[{"href":"https:\/\/helpsnowboards.com\/fr\/wp-json\/wp\/v2\/media?parent=164467"}],"wp:term":[{"taxonomy":"product_brand","embeddable":true,"href":"https:\/\/helpsnowboards.com\/fr\/wp-json\/wp\/v2\/product_brand?post=164467"},{"taxonomy":"product_cat","embeddable":true,"href":"https:\/\/helpsnowboards.com\/fr\/wp-json\/wp\/v2\/product_cat?post=164467"},{"taxonomy":"product_tag","embeddable":true,"href":"https:\/\/helpsnowboards.com\/fr\/wp-json\/wp\/v2\/product_tag?post=164467"}],"curies":[{"name":"wp","href":"https:\/\/api.w.org\/{rel}","templated":true}]}}