{"id":164441,"date":"2023-11-17T18:30:52","date_gmt":"2023-11-17T16:30:52","guid":{"rendered":"https:\/\/helpsnowboards.com\/non%20class\u00e9\/the-winter-2022-2023\/"},"modified":"2025-12-24T15:22:35","modified_gmt":"2025-12-24T13:22:35","slug":"the-winter-3","status":"publish","type":"product","link":"https:\/\/helpsnowboards.com\/fr\/planches-de-snowboard\/the-winter-3\/","title":{"rendered":"The Winter *CRISIS EDITION"},"content":{"rendered":"\r\n<div class=\"wp-block-columns has-ast-global-color-6-background-color has-background is-layout-flex wp-container-core-columns-is-layout-d121b3d4 wp-block-columns-is-layout-flex\" style=\"padding-top: 80px;\">\r\n<div class=\"wp-block-column is-layout-flow wp-block-column-is-layout-flow\">\r\n<p class=\"tec_title\">Flex<\/p>\r\n\r\n\r\n\r\n<figure class=\"wp-block-image\"><img loading=\"lazy\" decoding=\"async\" width=\"624\" height=\"165\" class=\"wp-image-9901\" src=\"https:\/\/helpsnowboards.com\/wp-content\/uploads\/2020\/11\/FLEX-WINTER-2020.png\" alt=\"tabla snow barandillas barata\" srcset=\"https:\/\/helpsnowboards.com\/wp-content\/uploads\/2020\/11\/FLEX-WINTER-2020.png 624w, https:\/\/helpsnowboards.com\/wp-content\/uploads\/2020\/11\/FLEX-WINTER-2020-300x79.png 300w, https:\/\/helpsnowboards.com\/wp-content\/uploads\/2020\/11\/FLEX-WINTER-2020-150x40.png 150w, https:\/\/helpsnowboards.com\/wp-content\/uploads\/2020\/11\/FLEX-WINTER-2020-600x159.png 600w\" sizes=\"auto, (max-width: 624px) 100vw, 624px\" \/><\/figure>\r\n\r\n\r\n\r\n<p class=\"tec_title\">Level<\/p>\r\n\r\n\r\n\r\n<figure class=\"wp-block-image\"><img loading=\"lazy\" decoding=\"async\" width=\"656\" height=\"179\" class=\"wp-image-9904\" src=\"https:\/\/helpsnowboards.com\/wp-content\/uploads\/2020\/11\/LEVEL-WINTER-2020.png\" alt=\"comprar tabla de snow barata para barandillas\" srcset=\"https:\/\/helpsnowboards.com\/wp-content\/uploads\/2020\/11\/LEVEL-WINTER-2020.png 656w, https:\/\/helpsnowboards.com\/wp-content\/uploads\/2020\/11\/LEVEL-WINTER-2020-300x82.png 300w, https:\/\/helpsnowboards.com\/wp-content\/uploads\/2020\/11\/LEVEL-WINTER-2020-150x41.png 150w, https:\/\/helpsnowboards.com\/wp-content\/uploads\/2020\/11\/LEVEL-WINTER-2020-600x164.png 600w\" sizes=\"auto, (max-width: 656px) 100vw, 656px\" \/><\/figure>\r\n\r\n\r\n\r\n<p class=\"tec_title\">Terrain<\/p>\r\n\r\n\r\n\r\n<figure class=\"wp-block-image size-full\"><img loading=\"lazy\" decoding=\"async\" width=\"753\" height=\"264\" class=\"wp-image-96999\" src=\"https:\/\/helpsnowboards.com\/wp-content\/uploads\/2022\/12\/Terrain_The-Winter.png\" alt=\"\" srcset=\"https:\/\/helpsnowboards.com\/wp-content\/uploads\/2022\/12\/Terrain_The-Winter.png 753w, https:\/\/helpsnowboards.com\/wp-content\/uploads\/2022\/12\/Terrain_The-Winter-300x105.png 300w, https:\/\/helpsnowboards.com\/wp-content\/uploads\/2022\/12\/Terrain_The-Winter-150x53.png 150w, https:\/\/helpsnowboards.com\/wp-content\/uploads\/2022\/12\/Terrain_The-Winter-600x210.png 600w\" sizes=\"auto, (max-width: 753px) 100vw, 753px\" \/><\/figure>\r\n\r\n\r\n\r\n<p class=\"tec_title\">Camber profile<\/p>\r\n\r\n\r\n\r\n<figure class=\"wp-block-image size-large\"><img loading=\"lazy\" decoding=\"async\" width=\"1024\" height=\"140\" class=\"wp-image-15902\" src=\"https:\/\/helpsnowboards.com\/wp-content\/uploads\/2020\/11\/WINTER-v2-1024x140.png\" alt=\"camber zero\" srcset=\"https:\/\/helpsnowboards.com\/wp-content\/uploads\/2020\/11\/WINTER-v2-1024x140.png 1024w, https:\/\/helpsnowboards.com\/wp-content\/uploads\/2020\/11\/WINTER-v2-300x41.png 300w, https:\/\/helpsnowboards.com\/wp-content\/uploads\/2020\/11\/WINTER-v2-150x21.png 150w, https:\/\/helpsnowboards.com\/wp-content\/uploads\/2020\/11\/WINTER-v2-768x105.png 768w, https:\/\/helpsnowboards.com\/wp-content\/uploads\/2020\/11\/WINTER-v2-1536x210.png 1536w, https:\/\/helpsnowboards.com\/wp-content\/uploads\/2020\/11\/WINTER-v2-2048x280.png 2048w, https:\/\/helpsnowboards.com\/wp-content\/uploads\/2020\/11\/WINTER-v2-600x82.png 600w\" sizes=\"auto, (max-width: 1024px) 100vw, 1024px\" \/><\/figure>\r\n<\/div>\r\n\r\n\r\n\r\n<div class=\"wp-block-column is-layout-flow wp-block-column-is-layout-flow\">\r\n<p class=\"tec_title\">Tecnolog\u00eda<\/p>\r\n\r\n\r\n\r\n<p><strong>Base Material:<\/strong> Suela Extruded. Una suela a prueba de balas, una buena opci\u00f3n para iniciarse en el snowboard.<\/p>\r\n\r\n\r\n\r\n<p><strong>Base Structure:<\/strong> La suela tiene una estructura diagonal, como las tablas de competici\u00f3n, para coger m\u00e1s velocidad.<\/p>\r\n\r\n\r\n\r\n<p><strong>Fiberglass:<\/strong> Fibra de vidrio triaxial. Ofrece un riding muy din\u00e1mico y una respuesta excelente.<\/p>\r\n\r\n\r\n\r\n<p><strong>Core:<\/strong> N\u00facleo de madera de chopo y haya. Muy ligero, resistente y con un trabajo mec\u00e1nio excelente.<\/p>\r\n\r\n\r\n\r\n<p><strong>Shape:<\/strong> Forma true Twin Tip, para que vayas igual de c\u00f3modo de normal que de switch.<\/p>\r\n<\/div>\r\n<\/div>\r\n\r\n\r\n\r\n<p class=\"medium_title\">Especificaciones t\u00e9cnicas<\/p>\r\n\r\n\r\n\r\n<div>\r\n<table width=\"438\">\r\n<tbody>\r\n<tr>\r\n<td width=\"158\">BOARD LENGTH (CM)<\/td>\r\n<td width=\"114\">153<\/td>\r\n<td width=\"114\">156<\/td>\r\n<\/tr>\r\n<tr>\r\n<td>WAIST WIDTH (CM)<\/td>\r\n<td>25,2<\/td>\r\n<td>25,3<\/td>\r\n<\/tr>\r\n<tr>\r\n<td>TIP WIDTH (CM)<\/td>\r\n<td>29,48<\/td>\r\n<td>29,84<\/td>\r\n<\/tr>\r\n<tr>\r\n<td>TAIL WIDTH (CM)<\/td>\r\n<td>29,48<\/td>\r\n<td>29,84<\/td>\r\n<\/tr>\r\n<tr>\r\n<td>SIDECUT RADIUS (M)<\/td>\r\n<td>7,6<\/td>\r\n<td>7,7<\/td>\r\n<\/tr>\r\n<tr>\r\n<td>RUNNING LENGTH (CM)<\/td>\r\n<td>110,5<\/td>\r\n<td>113,8<\/td>\r\n<\/tr>\r\n<tr>\r\n<td>EFFECTIVE EDGE (CM)<\/td>\r\n<td>116,2<\/td>\r\n<td>120,26<\/td>\r\n<\/tr>\r\n<tr>\r\n<td>STANCE SETBACK (CM)<\/td>\r\n<td>0<\/td>\r\n<td>0<\/td>\r\n<\/tr>\r\n<\/tbody>\r\n<\/table>\r\n<\/div>\r\n","protected":false},"excerpt":{"rendered":"<ul>\n<li>\n<p>Se trata de una tabla muy maniobrable y, sobretodo, divertida y permisiva tanto en la pista como en el snowpark.<\/p>\n<\/li>\n<li>\n<p>A pesar de estar hecha con materiales extra resistentes, su construcci\u00f3n es bastante blanda y con buena torsi\u00f3n, lo cual permite un manejo mucho m\u00e1s c\u00f3modo, gracias tambi\u00e9n a su camber flat con un ligero rocker en el nose y el tail, que te evitar\u00e1 hacer contracantos\u00a0Adem\u00e1s de ser una tabla ideal para progresar en tu nivel de snowboard, tambi\u00e9n se trata de un modelo muy utilizado entre los amantes del jibbing, ya que su gran maniobrabilidad y poca rigidez la convierten en una tabla perfecta para hacer barandillas, jugar en la calle y realizar trucos est\u00e1ticos.<\/p>\n<\/li>\n<\/ul>\n<p>&nbsp;<\/p>\n<ul>\n<li>Este modelo forma parte de la *CRISIS Edition, una colecci\u00f3n limitada y muy especial de tablas de snowboard que hemos creado para hacer frente a la crisis global de suministros que nos est\u00e1 afectando a todos. Te lo contamos <a href=\"https:\/\/helpsnowboards.com\/crisisedition\/\">aqu\u00ed<\/a>.<\/li>\n<\/ul>\n<p>&nbsp;<\/p>\n<p>Si necesitas asesoramiento personalizado, <a href=\"https:\/\/wa.me\/34626825518?text=Hola%20Help%20Snowboards,%20tengo%20una%20consulta:%20\" target=\"_blank\" rel=\"noopener noreferrer\">clica aqu\u00ed para hacernos una consulta por Whatsapp <\/a><a href=\"https:\/\/wa.me\/34626825518?text=Hola%20Help%20Snowboards,%20tengo%20una%20consulta:%20\" target=\"_blank\" rel=\"noopener noreferrer\"><img loading=\"lazy\" decoding=\"async\" class=\"alignnone wp-image-8819\" src=\"https:\/\/helpsnowboards.com\/wp-content\/uploads\/2020\/05\/whatsapp-logo-1-1-150x150.png\" alt=\"que tabla snowboard comprar\" width=\"30\" height=\"30\" srcset=\"https:\/\/helpsnowboards.com\/wp-content\/uploads\/2020\/05\/whatsapp-logo-1-1-150x151.png 150w, https:\/\/helpsnowboards.com\/wp-content\/uploads\/2020\/05\/whatsapp-logo-1-1-300x300.png 300w, https:\/\/helpsnowboards.com\/wp-content\/uploads\/2020\/05\/whatsapp-logo-1-1-1020x1024.png 1020w, https:\/\/helpsnowboards.com\/wp-content\/uploads\/2020\/05\/whatsapp-logo-1-1-768x771.png 768w, https:\/\/helpsnowboards.com\/wp-content\/uploads\/2020\/05\/whatsapp-logo-1-1-1529x1536.png 1529w, https:\/\/helpsnowboards.com\/wp-content\/uploads\/2020\/05\/whatsapp-logo-1-1-2039x2048.png 2039w, https:\/\/helpsnowboards.com\/wp-content\/uploads\/2020\/05\/whatsapp-logo-1-1-746x770.png 746w, https:\/\/helpsnowboards.com\/wp-content\/uploads\/2020\/05\/whatsapp-logo-1-1-600x603.png 600w, https:\/\/helpsnowboards.com\/wp-content\/uploads\/2020\/05\/whatsapp-logo-1-1-100x100.png 100w\" sizes=\"auto, (max-width: 30px) 100vw, 30px\" \/><\/a><\/p>\n<p>&nbsp;<\/p>\n<ul>\n<li>PRECIO SI TUVI\u00c9RAMOS INTERMEDIARIOS:<strong> 460\u20ac<\/strong><\/li>\n<\/ul>\n","protected":false},"featured_media":94450,"template":"","meta":{"_acf_changed":false,"_kad_blocks_custom_css":"","_kad_blocks_head_custom_js":"","_kad_blocks_body_custom_js":"","_kad_blocks_footer_custom_js":"","site-sidebar-layout":"no-sidebar","site-content-layout":"plain-container","ast-site-content-layout":"normal-width-container","site-content-style":"unboxed","site-sidebar-style":"unboxed","ast-global-header-display":"","ast-banner-title-visibility":"","ast-main-header-display":"","ast-hfb-above-header-display":"","ast-hfb-below-header-display":"","ast-hfb-mobile-header-display":"","site-post-title":"disabled","ast-breadcrumbs-content":"","ast-featured-img":"disabled","footer-sml-layout":"","ast-disable-related-posts":"","theme-transparent-header-meta":"default","adv-header-id-meta":"","stick-header-meta":"default","header-above-stick-meta":"","header-main-stick-meta":"","header-below-stick-meta":"","astra-migrate-meta-layouts":"set","ast-page-background-enabled":"default","ast-page-background-meta":{"desktop":{"background-color":"var(--ast-global-color-4)","background-image":"","background-repeat":"repeat","background-position":"center center","background-size":"auto","background-attachment":"scroll","background-type":"","background-media":"","overlay-type":"","overlay-color":"","overlay-opacity":"","overlay-gradient":""},"tablet":{"background-color":"","background-image":"","background-repeat":"repeat","background-position":"center center","background-size":"auto","background-attachment":"scroll","background-type":"","background-media":"","overlay-type":"","overlay-color":"","overlay-opacity":"","overlay-gradient":""},"mobile":{"background-color":"","background-image":"","background-repeat":"repeat","background-position":"center center","background-size":"auto","background-attachment":"scroll","background-type":"","background-media":"","overlay-type":"","overlay-color":"","overlay-opacity":"","overlay-gradient":""}},"ast-content-background-meta":{"desktop":{"background-color":"var(--ast-global-color-5)","background-image":"","background-repeat":"repeat","background-position":"center center","background-size":"auto","background-attachment":"scroll","background-type":"","background-media":"","overlay-type":"","overlay-color":"","overlay-opacity":"","overlay-gradient":""},"tablet":{"background-color":"var(--ast-global-color-5)","background-image":"","background-repeat":"repeat","background-position":"center center","background-size":"auto","background-attachment":"scroll","background-type":"","background-media":"","overlay-type":"","overlay-color":"","overlay-opacity":"","overlay-gradient":""},"mobile":{"background-color":"var(--ast-global-color-5)","background-image":"","background-repeat":"repeat","background-position":"center center","background-size":"auto","background-attachment":"scroll","background-type":"","background-media":"","overlay-type":"","overlay-color":"","overlay-opacity":"","overlay-gradient":""}},"_glsr_average":0,"_glsr_ranking":0,"_glsr_reviews":0},"product_brand":[],"product_cat":[236,715],"product_tag":[367],"class_list":{"0":"post-164441","1":"product","2":"type-product","3":"status-publish","4":"has-post-thumbnail","6":"product_cat-planches-de-snowboard","7":"product_cat-snowboards-homme","8":"product_tag-promo-snowboard","9":"product_shipping_class-novedades-fr-2","10":"desktop-align-left","11":"tablet-align-left","12":"mobile-align-left","13":"ast-product-gallery-layout-vertical","14":"ast-magnify-disabled","15":"ast-product-single-variable","17":"first","18":"outofstock","19":"sold-individually","20":"shipping-taxable","21":"product-type-variable"},"acf":[],"yoast_head":"<!-- This site is optimized with the Yoast SEO plugin v27.4 - https:\/\/yoast.com\/product\/yoast-seo-wordpress\/ -->\n<title>Tablas Help Snowboards Freestyle All Mountain | The Winter<\/title>\n<meta name=\"description\" content=\"Help The Winter es la tabla maniobrable, divertida y permisiva tanto en el park como en pista o sobre la nieve virgen esquivando \u00e1rboles \u00a1Aprovecha y c\u00f3mprala!\" \/>\n<meta name=\"robots\" content=\"index, follow, max-snippet:-1, max-image-preview:large, max-video-preview:-1\" \/>\n<link rel=\"canonical\" href=\"https:\/\/helpsnowboards.com\/fr\/planches-de-snowboard\/the-winter-3\/\" \/>\n<meta property=\"og:locale\" content=\"fr_FR\" \/>\n<meta property=\"og:type\" content=\"article\" \/>\n<meta property=\"og:title\" content=\"Tablas Help Snowboards Freestyle All Mountain | The Winter\" \/>\n<meta property=\"og:description\" content=\"Help The Winter es la tabla maniobrable, divertida y permisiva tanto en el park como en pista o sobre la nieve virgen esquivando \u00e1rboles \u00a1Aprovecha y c\u00f3mprala!\" \/>\n<meta property=\"og:url\" content=\"https:\/\/helpsnowboards.com\/fr\/planches-de-snowboard\/the-winter-3\/\" \/>\n<meta property=\"og:site_name\" content=\"Help Snowboards\" \/>\n<meta property=\"article:publisher\" content=\"https:\/\/www.facebook.com\/helpsnowboards\/\" \/>\n<meta property=\"article:modified_time\" content=\"2025-12-24T13:22:35+00:00\" \/>\n<meta property=\"og:image\" content=\"https:\/\/helpsnowboards.com\/wp-content\/uploads\/2022\/11\/THE-WINTER-CRISIS-WEB.png\" \/>\n\t<meta property=\"og:image:width\" content=\"1315\" \/>\n\t<meta property=\"og:image:height\" content=\"1920\" \/>\n\t<meta property=\"og:image:type\" content=\"image\/png\" \/>\n<meta name=\"twitter:card\" content=\"summary_large_image\" \/>\n<meta name=\"twitter:site\" content=\"@helpsnowboards\" \/>\n<meta name=\"twitter:label1\" content=\"Dur\u00e9e de lecture estim\u00e9e\" \/>\n\t<meta name=\"twitter:data1\" content=\"2 minutes\" \/>\n<script type=\"application\/ld+json\" class=\"yoast-schema-graph\">{\"@context\":\"https:\\\/\\\/schema.org\",\"@graph\":[{\"@type\":\"WebPage\",\"@id\":\"https:\\\/\\\/helpsnowboards.com\\\/fr\\\/planches-de-snowboard\\\/the-winter-3\\\/\",\"url\":\"https:\\\/\\\/helpsnowboards.com\\\/fr\\\/planches-de-snowboard\\\/the-winter-3\\\/\",\"name\":\"Tablas Help Snowboards Freestyle All Mountain | The Winter\",\"isPartOf\":{\"@id\":\"https:\\\/\\\/helpsnowboards.com\\\/#website\"},\"primaryImageOfPage\":{\"@id\":\"https:\\\/\\\/helpsnowboards.com\\\/fr\\\/planches-de-snowboard\\\/the-winter-3\\\/#primaryimage\"},\"image\":{\"@id\":\"https:\\\/\\\/helpsnowboards.com\\\/fr\\\/planches-de-snowboard\\\/the-winter-3\\\/#primaryimage\"},\"thumbnailUrl\":\"https:\\\/\\\/helpsnowboards.com\\\/wp-content\\\/uploads\\\/2022\\\/11\\\/THE-WINTER-CRISIS-WEB.png\",\"datePublished\":\"2023-11-17T16:30:52+00:00\",\"dateModified\":\"2025-12-24T13:22:35+00:00\",\"description\":\"Help The Winter es la tabla maniobrable, divertida y permisiva tanto en el park como en pista o sobre la nieve virgen esquivando \u00e1rboles \u00a1Aprovecha y c\u00f3mprala!\",\"breadcrumb\":{\"@id\":\"https:\\\/\\\/helpsnowboards.com\\\/fr\\\/planches-de-snowboard\\\/the-winter-3\\\/#breadcrumb\"},\"inLanguage\":\"fr-FR\",\"potentialAction\":[{\"@type\":\"ReadAction\",\"target\":[\"https:\\\/\\\/helpsnowboards.com\\\/fr\\\/planches-de-snowboard\\\/the-winter-3\\\/\"]}]},{\"@type\":\"ImageObject\",\"inLanguage\":\"fr-FR\",\"@id\":\"https:\\\/\\\/helpsnowboards.com\\\/fr\\\/planches-de-snowboard\\\/the-winter-3\\\/#primaryimage\",\"url\":\"https:\\\/\\\/helpsnowboards.com\\\/wp-content\\\/uploads\\\/2022\\\/11\\\/THE-WINTER-CRISIS-WEB.png\",\"contentUrl\":\"https:\\\/\\\/helpsnowboards.com\\\/wp-content\\\/uploads\\\/2022\\\/11\\\/THE-WINTER-CRISIS-WEB.png\",\"width\":1315,\"height\":1920,\"caption\":\"The Winter Crisis Edition\"},{\"@type\":\"BreadcrumbList\",\"@id\":\"https:\\\/\\\/helpsnowboards.com\\\/fr\\\/planches-de-snowboard\\\/the-winter-3\\\/#breadcrumb\",\"itemListElement\":[{\"@type\":\"ListItem\",\"position\":1,\"name\":\"Portada\",\"item\":\"https:\\\/\\\/helpsnowboards.com\\\/\"},{\"@type\":\"ListItem\",\"position\":2,\"name\":\"zbotiga\",\"item\":\"https:\\\/\\\/helpsnowboards.com\\\/zbotiga\\\/\"},{\"@type\":\"ListItem\",\"position\":3,\"name\":\"The Winter *CRISIS EDITION\"}]},{\"@type\":\"WebSite\",\"@id\":\"https:\\\/\\\/helpsnowboards.com\\\/#website\",\"url\":\"https:\\\/\\\/helpsnowboards.com\\\/\",\"name\":\"Help Snowboards\",\"description\":\"\",\"publisher\":{\"@id\":\"https:\\\/\\\/helpsnowboards.com\\\/#organization\"},\"potentialAction\":[{\"@type\":\"SearchAction\",\"target\":{\"@type\":\"EntryPoint\",\"urlTemplate\":\"https:\\\/\\\/helpsnowboards.com\\\/?s={search_term_string}\"},\"query-input\":{\"@type\":\"PropertyValueSpecification\",\"valueRequired\":true,\"valueName\":\"search_term_string\"}}],\"inLanguage\":\"fr-FR\"},{\"@type\":\"Organization\",\"@id\":\"https:\\\/\\\/helpsnowboards.com\\\/#organization\",\"name\":\"Help Snowboards\",\"url\":\"https:\\\/\\\/helpsnowboards.com\\\/\",\"logo\":{\"@type\":\"ImageObject\",\"inLanguage\":\"fr-FR\",\"@id\":\"https:\\\/\\\/helpsnowboards.com\\\/#\\\/schema\\\/logo\\\/image\\\/\",\"url\":\"https:\\\/\\\/helpsnowboards.com\\\/wp-content\\\/uploads\\\/2018\\\/04\\\/logo.png\",\"contentUrl\":\"https:\\\/\\\/helpsnowboards.com\\\/wp-content\\\/uploads\\\/2018\\\/04\\\/logo.png\",\"width\":136,\"height\":141,\"caption\":\"Help Snowboards\"},\"image\":{\"@id\":\"https:\\\/\\\/helpsnowboards.com\\\/#\\\/schema\\\/logo\\\/image\\\/\"},\"sameAs\":[\"https:\\\/\\\/www.facebook.com\\\/helpsnowboards\\\/\",\"https:\\\/\\\/x.com\\\/helpsnowboards\",\"https:\\\/\\\/www.instagram.com\\\/helpsnowboards\\\/\",\"https:\\\/\\\/www.youtube.com\\\/channel\\\/UCzTezEg9zYWF4gaXVLyExTw?view_as=subscriber\"]}]}<\/script>\n<!-- \/ Yoast SEO plugin. -->","yoast_head_json":{"title":"Tablas Help Snowboards Freestyle All Mountain | The Winter","description":"Help The Winter es la tabla maniobrable, divertida y permisiva tanto en el park como en pista o sobre la nieve virgen esquivando \u00e1rboles \u00a1Aprovecha y c\u00f3mprala!","robots":{"index":"index","follow":"follow","max-snippet":"max-snippet:-1","max-image-preview":"max-image-preview:large","max-video-preview":"max-video-preview:-1"},"canonical":"https:\/\/helpsnowboards.com\/fr\/planches-de-snowboard\/the-winter-3\/","og_locale":"fr_FR","og_type":"article","og_title":"Tablas Help Snowboards Freestyle All Mountain | The Winter","og_description":"Help The Winter es la tabla maniobrable, divertida y permisiva tanto en el park como en pista o sobre la nieve virgen esquivando \u00e1rboles \u00a1Aprovecha y c\u00f3mprala!","og_url":"https:\/\/helpsnowboards.com\/fr\/planches-de-snowboard\/the-winter-3\/","og_site_name":"Help Snowboards","article_publisher":"https:\/\/www.facebook.com\/helpsnowboards\/","article_modified_time":"2025-12-24T13:22:35+00:00","og_image":[{"width":1315,"height":1920,"url":"https:\/\/helpsnowboards.com\/wp-content\/uploads\/2022\/11\/THE-WINTER-CRISIS-WEB.png","type":"image\/png"}],"twitter_card":"summary_large_image","twitter_site":"@helpsnowboards","twitter_misc":{"Dur\u00e9e de lecture estim\u00e9e":"2 minutes"},"schema":{"@context":"https:\/\/schema.org","@graph":[{"@type":"WebPage","@id":"https:\/\/helpsnowboards.com\/fr\/planches-de-snowboard\/the-winter-3\/","url":"https:\/\/helpsnowboards.com\/fr\/planches-de-snowboard\/the-winter-3\/","name":"Tablas Help Snowboards Freestyle All Mountain | The Winter","isPartOf":{"@id":"https:\/\/helpsnowboards.com\/#website"},"primaryImageOfPage":{"@id":"https:\/\/helpsnowboards.com\/fr\/planches-de-snowboard\/the-winter-3\/#primaryimage"},"image":{"@id":"https:\/\/helpsnowboards.com\/fr\/planches-de-snowboard\/the-winter-3\/#primaryimage"},"thumbnailUrl":"https:\/\/helpsnowboards.com\/wp-content\/uploads\/2022\/11\/THE-WINTER-CRISIS-WEB.png","datePublished":"2023-11-17T16:30:52+00:00","dateModified":"2025-12-24T13:22:35+00:00","description":"Help The Winter es la tabla maniobrable, divertida y permisiva tanto en el park como en pista o sobre la nieve virgen esquivando \u00e1rboles \u00a1Aprovecha y c\u00f3mprala!","breadcrumb":{"@id":"https:\/\/helpsnowboards.com\/fr\/planches-de-snowboard\/the-winter-3\/#breadcrumb"},"inLanguage":"fr-FR","potentialAction":[{"@type":"ReadAction","target":["https:\/\/helpsnowboards.com\/fr\/planches-de-snowboard\/the-winter-3\/"]}]},{"@type":"ImageObject","inLanguage":"fr-FR","@id":"https:\/\/helpsnowboards.com\/fr\/planches-de-snowboard\/the-winter-3\/#primaryimage","url":"https:\/\/helpsnowboards.com\/wp-content\/uploads\/2022\/11\/THE-WINTER-CRISIS-WEB.png","contentUrl":"https:\/\/helpsnowboards.com\/wp-content\/uploads\/2022\/11\/THE-WINTER-CRISIS-WEB.png","width":1315,"height":1920,"caption":"The Winter Crisis Edition"},{"@type":"BreadcrumbList","@id":"https:\/\/helpsnowboards.com\/fr\/planches-de-snowboard\/the-winter-3\/#breadcrumb","itemListElement":[{"@type":"ListItem","position":1,"name":"Portada","item":"https:\/\/helpsnowboards.com\/"},{"@type":"ListItem","position":2,"name":"zbotiga","item":"https:\/\/helpsnowboards.com\/zbotiga\/"},{"@type":"ListItem","position":3,"name":"The Winter *CRISIS EDITION"}]},{"@type":"WebSite","@id":"https:\/\/helpsnowboards.com\/#website","url":"https:\/\/helpsnowboards.com\/","name":"Help Snowboards","description":"","publisher":{"@id":"https:\/\/helpsnowboards.com\/#organization"},"potentialAction":[{"@type":"SearchAction","target":{"@type":"EntryPoint","urlTemplate":"https:\/\/helpsnowboards.com\/?s={search_term_string}"},"query-input":{"@type":"PropertyValueSpecification","valueRequired":true,"valueName":"search_term_string"}}],"inLanguage":"fr-FR"},{"@type":"Organization","@id":"https:\/\/helpsnowboards.com\/#organization","name":"Help Snowboards","url":"https:\/\/helpsnowboards.com\/","logo":{"@type":"ImageObject","inLanguage":"fr-FR","@id":"https:\/\/helpsnowboards.com\/#\/schema\/logo\/image\/","url":"https:\/\/helpsnowboards.com\/wp-content\/uploads\/2018\/04\/logo.png","contentUrl":"https:\/\/helpsnowboards.com\/wp-content\/uploads\/2018\/04\/logo.png","width":136,"height":141,"caption":"Help Snowboards"},"image":{"@id":"https:\/\/helpsnowboards.com\/#\/schema\/logo\/image\/"},"sameAs":["https:\/\/www.facebook.com\/helpsnowboards\/","https:\/\/x.com\/helpsnowboards","https:\/\/www.instagram.com\/helpsnowboards\/","https:\/\/www.youtube.com\/channel\/UCzTezEg9zYWF4gaXVLyExTw?view_as=subscriber"]}]}},"taxonomy_info":{"product_cat":[{"value":236,"label":"Planches de snowboard"},{"value":715,"label":"Snowboards pour hommes"}],"product_tag":[{"value":367,"label":"promo-snowboard"}]},"featured_image_src_large":["https:\/\/helpsnowboards.com\/wp-content\/uploads\/2022\/11\/THE-WINTER-CRISIS-WEB-701x1024.png",701,1024,true],"author_info":[],"comment_info":"","_links":{"self":[{"href":"https:\/\/helpsnowboards.com\/fr\/wp-json\/wp\/v2\/product\/164441","targetHints":{"allow":["GET"]}}],"collection":[{"href":"https:\/\/helpsnowboards.com\/fr\/wp-json\/wp\/v2\/product"}],"about":[{"href":"https:\/\/helpsnowboards.com\/fr\/wp-json\/wp\/v2\/types\/product"}],"wp:featuredmedia":[{"embeddable":true,"href":"https:\/\/helpsnowboards.com\/fr\/wp-json\/wp\/v2\/media\/94450"}],"wp:attachment":[{"href":"https:\/\/helpsnowboards.com\/fr\/wp-json\/wp\/v2\/media?parent=164441"}],"wp:term":[{"taxonomy":"product_brand","embeddable":true,"href":"https:\/\/helpsnowboards.com\/fr\/wp-json\/wp\/v2\/product_brand?post=164441"},{"taxonomy":"product_cat","embeddable":true,"href":"https:\/\/helpsnowboards.com\/fr\/wp-json\/wp\/v2\/product_cat?post=164441"},{"taxonomy":"product_tag","embeddable":true,"href":"https:\/\/helpsnowboards.com\/fr\/wp-json\/wp\/v2\/product_tag?post=164441"}],"curies":[{"name":"wp","href":"https:\/\/api.w.org\/{rel}","templated":true}]}}