{"id":164448,"date":"2022-11-14T00:13:07","date_gmt":"2022-11-13T22:13:07","guid":{"rendered":"https:\/\/helpsnowboards.com\/tablas-snowboard-hombre\/"},"modified":"2026-04-06T23:14:19","modified_gmt":"2026-04-06T21:14:19","slug":"tablas-snowboard-hombre","status":"publish","type":"page","link":"https:\/\/helpsnowboards.com\/en\/tablas-snowboard-hombre\/","title":{"rendered":"Tablas de snowboard hombre\/unisex"},"content":{"rendered":"\r\n<h1 class=\"wp-block-heading has-text-align-center\" style=\"text-transform: uppercase;\">TABLAS DE SNOWBOARD PARA HOMBRE\/UNISEX<\/h1>\r\n\r\n\r\n\r\n<p class=\"has-text-align-center\">Bienvenidos a nuestra tienda online de tablas de snowboard.<\/p>\r\n\r\n\r\n\r\n<h3 class=\"wp-block-heading has-text-align-center\">Liquidaci\u00f3n 2025\/2026<\/h3>\r\n<p style=\"text-align: center;\">Tenemos en liquidaci\u00f3n todo el stock que nos queda de tablas de snowboard, splitboard, fijaciones y otros accesorios. Aprovecha ahora para comprar con unas rebajas espectaculares.<\/p>\r\n<h3 class=\"wp-block-heading has-text-align-center\">Venta anticipada 2026\/2027<\/h3>\r\n<p style=\"text-align: center;\">Adem\u00e1s, os ofrecemos en exclusiva la venta anticipada de la nueva colecci\u00f3n del pr\u00f3ximo invierno 2026\/2027. Tienes hasta el 30 de abril para hacer tu compra anticipada y conseguir un 40% de descuento en la nueva colecci\u00f3n. Recibir\u00e1s la tabla a tiempo para empezar el pr\u00f3ximo invierno.<\/p>\r\n\r\n\r\n\r\n<div class=\"wp-block-query is-layout-flow wp-block-query-is-layout-flow\"><ul class=\"columns-3 wp-block-post-template is-layout-grid wp-container-core-post-template-is-layout-6d3fbd8f wp-block-post-template-is-layout-grid\"><li class=\"wp-block-post post-164450 product type-product status-publish has-post-thumbnail product_cat-men-snowboards product_cat-snowboards product_tag-outlet-snowboard product_shipping_class-novedades-en desktop-align-left tablet-align-left mobile-align-left ast-product-gallery-layout-vertical ast-magnify-disabled ast-product-single-variable first instock sale sold-individually shipping-taxable purchasable product-type-variable\">\r\n\r\n<figure class=\"wp-block-post-featured-image\"><a href=\"https:\/\/helpsnowboards.com\/en\/snowboards\/the-mountain-2023-2024\/\" target=\"_self\"  ><img loading=\"lazy\" decoding=\"async\" width=\"1281\" height=\"1920\" src=\"https:\/\/helpsnowboards.com\/wp-content\/uploads\/2023\/11\/1-2.jpg\" class=\"attachment-post-thumbnail size-post-thumbnail wp-post-image\" alt=\"The Mountain 2023-2025 (HELP x PeBe)\" style=\"object-fit:cover;\" srcset=\"https:\/\/helpsnowboards.com\/wp-content\/uploads\/2023\/11\/1-2.jpg 1281w, https:\/\/helpsnowboards.com\/wp-content\/uploads\/2023\/11\/1-2-200x300.jpg 200w, https:\/\/helpsnowboards.com\/wp-content\/uploads\/2023\/11\/1-2-683x1024.jpg 683w, https:\/\/helpsnowboards.com\/wp-content\/uploads\/2023\/11\/1-2-100x150.jpg 100w, https:\/\/helpsnowboards.com\/wp-content\/uploads\/2023\/11\/1-2-768x1151.jpg 768w, https:\/\/helpsnowboards.com\/wp-content\/uploads\/2023\/11\/1-2-1025x1536.jpg 1025w, https:\/\/helpsnowboards.com\/wp-content\/uploads\/2023\/11\/1-2-150x225.jpg 150w, https:\/\/helpsnowboards.com\/wp-content\/uploads\/2023\/11\/1-2-600x899.jpg 600w\" sizes=\"auto, (max-width: 1281px) 100vw, 1281px\" \/><\/a><\/figure>\n\n\n<p class=\"has-text-align-center tallas-grid\" style=\"font-size:15px\">153 \/ 156 \/ 158W<\/p>\n\n\n<h2 style=\"text-transform:uppercase;\" class=\"has-text-align-center wp-block-post-title\">The Mountain 2023-2025 (HELP x PeBe)<\/h2>\n\n<style>.kb-row-layout-wrap.wp-block-kadence-rowlayout.kb-row-layout-id_a95a11-9b{margin-top:0px;margin-bottom:0px;}.kb-row-layout-id_a95a11-9b > .kt-row-column-wrap{align-content:start;}:where(.kb-row-layout-id_a95a11-9b > .kt-row-column-wrap) > .wp-block-kadence-column{justify-content:start;}.kb-row-layout-id_a95a11-9b > .kt-row-column-wrap{column-gap:var(--global-kb-gap-md, 2rem);row-gap:var(--global-kb-gap-md, 2rem);padding-top:0px;padding-bottom:5px;grid-template-columns:minmax(0, 1fr);}.kb-row-layout-id_a95a11-9b > .kt-row-layout-overlay{opacity:0.30;}@media all and (max-width: 1024px){.kb-row-layout-id_a95a11-9b > .kt-row-column-wrap{grid-template-columns:minmax(0, 1fr);}}@media all and (max-width: 767px){.kb-row-layout-id_a95a11-9b > .kt-row-column-wrap{grid-template-columns:minmax(0, 1fr);}}<\/style><div class=\"kb-row-layout-wrap kb-row-layout-id_a95a11-9b alignnone wp-block-kadence-rowlayout\"><div class=\"kt-row-column-wrap kt-has-1-columns kt-row-layout-equal kt-tab-layout-inherit kt-mobile-layout-row kt-row-valign-top\">\n<style>.kadence-column_9ec07c-7c > .kt-inside-inner-col{padding-top:0px;}.kadence-column_9ec07c-7c > .kt-inside-inner-col,.kadence-column_9ec07c-7c > .kt-inside-inner-col:before{border-top-left-radius:0px;border-top-right-radius:0px;border-bottom-right-radius:0px;border-bottom-left-radius:0px;}.kadence-column_9ec07c-7c > .kt-inside-inner-col{column-gap:var(--global-kb-gap-sm, 1rem);}.kadence-column_9ec07c-7c > .kt-inside-inner-col{flex-direction:column;}.kadence-column_9ec07c-7c > .kt-inside-inner-col > .aligncenter{width:100%;}.kadence-column_9ec07c-7c > .kt-inside-inner-col:before{opacity:0.3;}.kadence-column_9ec07c-7c{text-align:center;}.kadence-column_9ec07c-7c{position:relative;}.kadence-column_9ec07c-7c, .kt-inside-inner-col > .kadence-column_9ec07c-7c:not(.specificity){margin-top:0px;margin-right:0px;margin-bottom:0px;margin-left:0px;}@media all and (max-width: 1024px){.kadence-column_9ec07c-7c > .kt-inside-inner-col{flex-direction:column;justify-content:center;}}@media all and (max-width: 767px){.kadence-column_9ec07c-7c > .kt-inside-inner-col{flex-direction:column;justify-content:center;}}<\/style>\n<div class=\"wp-block-kadence-column kadence-column_9ec07c-7c inner-column-1\"><div class=\"kt-inside-inner-col\">\n<p class=\"precio-grid\" style=\"font-size:22px\"><del><\/del> 525\u20ac<\/p>\n\n\n\n<p class=\"precio-intermediarios has-background\" style=\"background-color:#f3f3ed\">Si tuvi\u00e9ramos intermediarios: 700 \u20ac<\/p>\n<\/div><\/div>\n\n<\/div><\/div><\/li><li class=\"wp-block-post post-164473 product type-product status-publish has-post-thumbnail product_cat-men-snowboards product_cat-snowboards product_tag-outlet-snowboard product_shipping_class-novedades-en desktop-align-left tablet-align-left mobile-align-left ast-product-gallery-layout-vertical ast-magnify-disabled ast-product-single-variable  instock sale sold-individually shipping-taxable purchasable product-type-variable\">\r\n\r\n<figure class=\"wp-block-post-featured-image\"><a href=\"https:\/\/helpsnowboards.com\/en\/snowboards\/the-harmony-2023-2024\/\" target=\"_self\"  ><img loading=\"lazy\" decoding=\"async\" width=\"1281\" height=\"1920\" src=\"https:\/\/helpsnowboards.com\/wp-content\/uploads\/2023\/11\/1-1.jpg\" class=\"attachment-post-thumbnail size-post-thumbnail wp-post-image\" alt=\"The Harmony 2023-2025\" style=\"object-fit:cover;\" srcset=\"https:\/\/helpsnowboards.com\/wp-content\/uploads\/2023\/11\/1-1.jpg 1281w, https:\/\/helpsnowboards.com\/wp-content\/uploads\/2023\/11\/1-1-200x300.jpg 200w, https:\/\/helpsnowboards.com\/wp-content\/uploads\/2023\/11\/1-1-683x1024.jpg 683w, https:\/\/helpsnowboards.com\/wp-content\/uploads\/2023\/11\/1-1-100x150.jpg 100w, https:\/\/helpsnowboards.com\/wp-content\/uploads\/2023\/11\/1-1-768x1151.jpg 768w, https:\/\/helpsnowboards.com\/wp-content\/uploads\/2023\/11\/1-1-1025x1536.jpg 1025w, https:\/\/helpsnowboards.com\/wp-content\/uploads\/2023\/11\/1-1-150x225.jpg 150w, https:\/\/helpsnowboards.com\/wp-content\/uploads\/2023\/11\/1-1-600x899.jpg 600w\" sizes=\"auto, (max-width: 1281px) 100vw, 1281px\" \/><\/a><\/figure>\n\n\n<p class=\"has-text-align-center tallas-grid\" style=\"font-size:15px\">153  \/ 156 \/ 158W<\/p>\n\n\n<h2 style=\"text-transform:uppercase;\" class=\"has-text-align-center wp-block-post-title\">The Harmony 2023-2025<\/h2>\n\n<style>.kb-row-layout-wrap.wp-block-kadence-rowlayout.kb-row-layout-id_a95a11-9b{margin-top:0px;margin-bottom:0px;}.kb-row-layout-id_a95a11-9b > .kt-row-column-wrap{align-content:start;}:where(.kb-row-layout-id_a95a11-9b > .kt-row-column-wrap) > .wp-block-kadence-column{justify-content:start;}.kb-row-layout-id_a95a11-9b > .kt-row-column-wrap{column-gap:var(--global-kb-gap-md, 2rem);row-gap:var(--global-kb-gap-md, 2rem);padding-top:0px;padding-bottom:5px;grid-template-columns:minmax(0, 1fr);}.kb-row-layout-id_a95a11-9b > .kt-row-layout-overlay{opacity:0.30;}@media all and (max-width: 1024px){.kb-row-layout-id_a95a11-9b > .kt-row-column-wrap{grid-template-columns:minmax(0, 1fr);}}@media all and (max-width: 767px){.kb-row-layout-id_a95a11-9b > .kt-row-column-wrap{grid-template-columns:minmax(0, 1fr);}}<\/style><div class=\"kb-row-layout-wrap kb-row-layout-id_a95a11-9b alignnone wp-block-kadence-rowlayout\"><div class=\"kt-row-column-wrap kt-has-1-columns kt-row-layout-equal kt-tab-layout-inherit kt-mobile-layout-row kt-row-valign-top\">\n<style>.kadence-column_9ec07c-7c > .kt-inside-inner-col{padding-top:0px;}.kadence-column_9ec07c-7c > .kt-inside-inner-col,.kadence-column_9ec07c-7c > .kt-inside-inner-col:before{border-top-left-radius:0px;border-top-right-radius:0px;border-bottom-right-radius:0px;border-bottom-left-radius:0px;}.kadence-column_9ec07c-7c > .kt-inside-inner-col{column-gap:var(--global-kb-gap-sm, 1rem);}.kadence-column_9ec07c-7c > .kt-inside-inner-col{flex-direction:column;}.kadence-column_9ec07c-7c > .kt-inside-inner-col > .aligncenter{width:100%;}.kadence-column_9ec07c-7c > .kt-inside-inner-col:before{opacity:0.3;}.kadence-column_9ec07c-7c{text-align:center;}.kadence-column_9ec07c-7c{position:relative;}.kadence-column_9ec07c-7c, .kt-inside-inner-col > .kadence-column_9ec07c-7c:not(.specificity){margin-top:0px;margin-right:0px;margin-bottom:0px;margin-left:0px;}@media all and (max-width: 1024px){.kadence-column_9ec07c-7c > .kt-inside-inner-col{flex-direction:column;justify-content:center;}}@media all and (max-width: 767px){.kadence-column_9ec07c-7c > .kt-inside-inner-col{flex-direction:column;justify-content:center;}}<\/style>\n<div class=\"wp-block-kadence-column kadence-column_9ec07c-7c inner-column-1\"><div class=\"kt-inside-inner-col\">\n<p class=\"precio-grid\" style=\"font-size:22px\"><del><\/del> 485\u20ac<\/p>\n\n\n\n<p class=\"precio-intermediarios has-background\" style=\"background-color:#f3f3ed\">Si tuvi\u00e9ramos intermediarios: 620 \u20ac<\/p>\n<\/div><\/div>\n\n<\/div><\/div><\/li><\/ul>\r\n\r\n\r\n\r\n<\/div>\r\n","protected":false},"excerpt":{"rendered":"<p>TABLAS DE SNOWBOARD PARA HOMBRE\/UNISEX Bienvenidos a nuestra tienda online de tablas de snowboard. Liquidaci\u00f3n 2025\/2026 Tenemos en liquidaci\u00f3n todo el stock que nos queda de tablas de snowboard, splitboard, fijaciones y otros accesorios. Aprovecha ahora para comprar con unas rebajas espectaculares. Venta anticipada 2026\/2027 Adem\u00e1s, os ofrecemos en exclusiva la venta anticipada de la [&hellip;]<\/p>\n","protected":false},"author":2,"featured_media":0,"parent":0,"menu_order":0,"comment_status":"closed","ping_status":"closed","template":"","meta":{"_acf_changed":false,"_kad_blocks_custom_css":"","_kad_blocks_head_custom_js":"","_kad_blocks_body_custom_js":"","_kad_blocks_footer_custom_js":"","site-sidebar-layout":"default","site-content-layout":"","ast-site-content-layout":"default","site-content-style":"default","site-sidebar-style":"default","ast-global-header-display":"","ast-banner-title-visibility":"","ast-main-header-display":"","ast-hfb-above-header-display":"","ast-hfb-below-header-display":"","ast-hfb-mobile-header-display":"","site-post-title":"disabled","ast-breadcrumbs-content":"","ast-featured-img":"","footer-sml-layout":"","ast-disable-related-posts":"","theme-transparent-header-meta":"default","adv-header-id-meta":"","stick-header-meta":"default","header-above-stick-meta":"","header-main-stick-meta":"","header-below-stick-meta":"","astra-migrate-meta-layouts":"set","ast-page-background-enabled":"default","ast-page-background-meta":{"desktop":{"background-color":"var(--ast-global-color-4)","background-image":"","background-repeat":"repeat","background-position":"center center","background-size":"auto","background-attachment":"scroll","background-type":"","background-media":"","overlay-type":"","overlay-color":"","overlay-opacity":"","overlay-gradient":""},"tablet":{"background-color":"","background-image":"","background-repeat":"repeat","background-position":"center center","background-size":"auto","background-attachment":"scroll","background-type":"","background-media":"","overlay-type":"","overlay-color":"","overlay-opacity":"","overlay-gradient":""},"mobile":{"background-color":"","background-image":"","background-repeat":"repeat","background-position":"center center","background-size":"auto","background-attachment":"scroll","background-type":"","background-media":"","overlay-type":"","overlay-color":"","overlay-opacity":"","overlay-gradient":""}},"ast-content-background-meta":{"desktop":{"background-color":"var(--ast-global-color-5)","background-image":"","background-repeat":"repeat","background-position":"center center","background-size":"auto","background-attachment":"scroll","background-type":"","background-media":"","overlay-type":"","overlay-color":"","overlay-opacity":"","overlay-gradient":""},"tablet":{"background-color":"var(--ast-global-color-5)","background-image":"","background-repeat":"repeat","background-position":"center center","background-size":"auto","background-attachment":"scroll","background-type":"","background-media":"","overlay-type":"","overlay-color":"","overlay-opacity":"","overlay-gradient":""},"mobile":{"background-color":"var(--ast-global-color-5)","background-image":"","background-repeat":"repeat","background-position":"center center","background-size":"auto","background-attachment":"scroll","background-type":"","background-media":"","overlay-type":"","overlay-color":"","overlay-opacity":"","overlay-gradient":""}},"_glsr_average":0,"_glsr_ranking":0,"_glsr_reviews":0,"footnotes":""},"class_list":["post-164448","page","type-page","status-publish","hentry"],"acf":[],"yoast_head":"<!-- This site is optimized with the Yoast SEO plugin v27.5 - https:\/\/yoast.com\/product\/yoast-seo-wordpress\/ -->\n<title>Tablas de snowboard hombre\/unisex | Help Snowboards<\/title>\n<meta name=\"description\" content=\"TABLAS DE SNOWBOARD PARA HOMBRE\/UNISEX Bienvenidos a nuestra tienda online de tablas de snowboard. Liquidaci\u00f3n 2025\/2026 Tenemos en liquidaci\u00f3n todo el\" \/>\n<meta name=\"robots\" content=\"index, follow, max-snippet:-1, max-image-preview:large, max-video-preview:-1\" \/>\n<link rel=\"canonical\" href=\"https:\/\/helpsnowboards.com\/en\/tablas-snowboard-hombre\/\" \/>\n<meta property=\"og:locale\" content=\"en_US\" \/>\n<meta property=\"og:type\" content=\"article\" \/>\n<meta property=\"og:title\" content=\"Tablas de snowboard hombre\/unisex | Help Snowboards\" \/>\n<meta property=\"og:description\" content=\"TABLAS DE SNOWBOARD PARA HOMBRE\/UNISEX Bienvenidos a nuestra tienda online de tablas de snowboard. Liquidaci\u00f3n 2025\/2026 Tenemos en liquidaci\u00f3n todo el\" \/>\n<meta property=\"og:url\" content=\"https:\/\/helpsnowboards.com\/en\/tablas-snowboard-hombre\/\" \/>\n<meta property=\"og:site_name\" content=\"Help Snowboards\" \/>\n<meta property=\"article:publisher\" content=\"https:\/\/www.facebook.com\/helpsnowboards\/\" \/>\n<meta property=\"article:modified_time\" content=\"2026-04-06T21:14:19+00:00\" \/>\n<meta name=\"twitter:card\" content=\"summary_large_image\" \/>\n<meta name=\"twitter:site\" content=\"@helpsnowboards\" \/>\n<meta name=\"twitter:label1\" content=\"Est. reading time\" \/>\n\t<meta name=\"twitter:data1\" content=\"1 minute\" \/>\n<script type=\"application\/ld+json\" class=\"yoast-schema-graph\">{\"@context\":\"https:\\\/\\\/schema.org\",\"@graph\":[{\"@type\":\"WebPage\",\"@id\":\"https:\\\/\\\/helpsnowboards.com\\\/en\\\/tablas-snowboard-hombre\\\/\",\"url\":\"https:\\\/\\\/helpsnowboards.com\\\/en\\\/tablas-snowboard-hombre\\\/\",\"name\":\"Tablas de snowboard hombre\\\/unisex | Help Snowboards\",\"isPartOf\":{\"@id\":\"https:\\\/\\\/helpsnowboards.com\\\/#website\"},\"datePublished\":\"2022-11-13T22:13:07+00:00\",\"dateModified\":\"2026-04-06T21:14:19+00:00\",\"description\":\"TABLAS DE SNOWBOARD PARA HOMBRE\\\/UNISEX Bienvenidos a nuestra tienda online de tablas de snowboard. Liquidaci\u00f3n 2025\\\/2026 Tenemos en liquidaci\u00f3n todo el\",\"breadcrumb\":{\"@id\":\"https:\\\/\\\/helpsnowboards.com\\\/en\\\/tablas-snowboard-hombre\\\/#breadcrumb\"},\"inLanguage\":\"en-US\",\"potentialAction\":[{\"@type\":\"ReadAction\",\"target\":[\"https:\\\/\\\/helpsnowboards.com\\\/en\\\/tablas-snowboard-hombre\\\/\"]}]},{\"@type\":\"BreadcrumbList\",\"@id\":\"https:\\\/\\\/helpsnowboards.com\\\/en\\\/tablas-snowboard-hombre\\\/#breadcrumb\",\"itemListElement\":[{\"@type\":\"ListItem\",\"position\":1,\"name\":\"Portada\",\"item\":\"https:\\\/\\\/helpsnowboards.com\\\/\"},{\"@type\":\"ListItem\",\"position\":2,\"name\":\"Tablas de snowboard hombre\\\/unisex\"}]},{\"@type\":\"WebSite\",\"@id\":\"https:\\\/\\\/helpsnowboards.com\\\/#website\",\"url\":\"https:\\\/\\\/helpsnowboards.com\\\/\",\"name\":\"Help Snowboards\",\"description\":\"\",\"publisher\":{\"@id\":\"https:\\\/\\\/helpsnowboards.com\\\/#organization\"},\"potentialAction\":[{\"@type\":\"SearchAction\",\"target\":{\"@type\":\"EntryPoint\",\"urlTemplate\":\"https:\\\/\\\/helpsnowboards.com\\\/?s={search_term_string}\"},\"query-input\":{\"@type\":\"PropertyValueSpecification\",\"valueRequired\":true,\"valueName\":\"search_term_string\"}}],\"inLanguage\":\"en-US\"},{\"@type\":\"Organization\",\"@id\":\"https:\\\/\\\/helpsnowboards.com\\\/#organization\",\"name\":\"Help Snowboards\",\"url\":\"https:\\\/\\\/helpsnowboards.com\\\/\",\"logo\":{\"@type\":\"ImageObject\",\"inLanguage\":\"en-US\",\"@id\":\"https:\\\/\\\/helpsnowboards.com\\\/#\\\/schema\\\/logo\\\/image\\\/\",\"url\":\"https:\\\/\\\/helpsnowboards.com\\\/wp-content\\\/uploads\\\/2018\\\/04\\\/logo.png\",\"contentUrl\":\"https:\\\/\\\/helpsnowboards.com\\\/wp-content\\\/uploads\\\/2018\\\/04\\\/logo.png\",\"width\":136,\"height\":141,\"caption\":\"Help Snowboards\"},\"image\":{\"@id\":\"https:\\\/\\\/helpsnowboards.com\\\/#\\\/schema\\\/logo\\\/image\\\/\"},\"sameAs\":[\"https:\\\/\\\/www.facebook.com\\\/helpsnowboards\\\/\",\"https:\\\/\\\/x.com\\\/helpsnowboards\",\"https:\\\/\\\/www.instagram.com\\\/helpsnowboards\\\/\",\"https:\\\/\\\/www.youtube.com\\\/channel\\\/UCzTezEg9zYWF4gaXVLyExTw?view_as=subscriber\"]}]}<\/script>\n<!-- \/ Yoast SEO plugin. -->","yoast_head_json":{"title":"Tablas de snowboard hombre\/unisex | Help Snowboards","description":"TABLAS DE SNOWBOARD PARA HOMBRE\/UNISEX Bienvenidos a nuestra tienda online de tablas de snowboard. Liquidaci\u00f3n 2025\/2026 Tenemos en liquidaci\u00f3n todo el","robots":{"index":"index","follow":"follow","max-snippet":"max-snippet:-1","max-image-preview":"max-image-preview:large","max-video-preview":"max-video-preview:-1"},"canonical":"https:\/\/helpsnowboards.com\/en\/tablas-snowboard-hombre\/","og_locale":"en_US","og_type":"article","og_title":"Tablas de snowboard hombre\/unisex | Help Snowboards","og_description":"TABLAS DE SNOWBOARD PARA HOMBRE\/UNISEX Bienvenidos a nuestra tienda online de tablas de snowboard. Liquidaci\u00f3n 2025\/2026 Tenemos en liquidaci\u00f3n todo el","og_url":"https:\/\/helpsnowboards.com\/en\/tablas-snowboard-hombre\/","og_site_name":"Help Snowboards","article_publisher":"https:\/\/www.facebook.com\/helpsnowboards\/","article_modified_time":"2026-04-06T21:14:19+00:00","twitter_card":"summary_large_image","twitter_site":"@helpsnowboards","twitter_misc":{"Est. reading time":"1 minute"},"schema":{"@context":"https:\/\/schema.org","@graph":[{"@type":"WebPage","@id":"https:\/\/helpsnowboards.com\/en\/tablas-snowboard-hombre\/","url":"https:\/\/helpsnowboards.com\/en\/tablas-snowboard-hombre\/","name":"Tablas de snowboard hombre\/unisex | Help Snowboards","isPartOf":{"@id":"https:\/\/helpsnowboards.com\/#website"},"datePublished":"2022-11-13T22:13:07+00:00","dateModified":"2026-04-06T21:14:19+00:00","description":"TABLAS DE SNOWBOARD PARA HOMBRE\/UNISEX Bienvenidos a nuestra tienda online de tablas de snowboard. Liquidaci\u00f3n 2025\/2026 Tenemos en liquidaci\u00f3n todo el","breadcrumb":{"@id":"https:\/\/helpsnowboards.com\/en\/tablas-snowboard-hombre\/#breadcrumb"},"inLanguage":"en-US","potentialAction":[{"@type":"ReadAction","target":["https:\/\/helpsnowboards.com\/en\/tablas-snowboard-hombre\/"]}]},{"@type":"BreadcrumbList","@id":"https:\/\/helpsnowboards.com\/en\/tablas-snowboard-hombre\/#breadcrumb","itemListElement":[{"@type":"ListItem","position":1,"name":"Portada","item":"https:\/\/helpsnowboards.com\/"},{"@type":"ListItem","position":2,"name":"Tablas de snowboard hombre\/unisex"}]},{"@type":"WebSite","@id":"https:\/\/helpsnowboards.com\/#website","url":"https:\/\/helpsnowboards.com\/","name":"Help Snowboards","description":"","publisher":{"@id":"https:\/\/helpsnowboards.com\/#organization"},"potentialAction":[{"@type":"SearchAction","target":{"@type":"EntryPoint","urlTemplate":"https:\/\/helpsnowboards.com\/?s={search_term_string}"},"query-input":{"@type":"PropertyValueSpecification","valueRequired":true,"valueName":"search_term_string"}}],"inLanguage":"en-US"},{"@type":"Organization","@id":"https:\/\/helpsnowboards.com\/#organization","name":"Help Snowboards","url":"https:\/\/helpsnowboards.com\/","logo":{"@type":"ImageObject","inLanguage":"en-US","@id":"https:\/\/helpsnowboards.com\/#\/schema\/logo\/image\/","url":"https:\/\/helpsnowboards.com\/wp-content\/uploads\/2018\/04\/logo.png","contentUrl":"https:\/\/helpsnowboards.com\/wp-content\/uploads\/2018\/04\/logo.png","width":136,"height":141,"caption":"Help Snowboards"},"image":{"@id":"https:\/\/helpsnowboards.com\/#\/schema\/logo\/image\/"},"sameAs":["https:\/\/www.facebook.com\/helpsnowboards\/","https:\/\/x.com\/helpsnowboards","https:\/\/www.instagram.com\/helpsnowboards\/","https:\/\/www.youtube.com\/channel\/UCzTezEg9zYWF4gaXVLyExTw?view_as=subscriber"]}]}},"taxonomy_info":[],"featured_image_src_large":false,"author_info":{"display_name":"Sara Adroer","author_link":"https:\/\/helpsnowboards.com\/en\/author\/sara\/"},"comment_info":0,"_links":{"self":[{"href":"https:\/\/helpsnowboards.com\/en\/wp-json\/wp\/v2\/pages\/164448","targetHints":{"allow":["GET"]}}],"collection":[{"href":"https:\/\/helpsnowboards.com\/en\/wp-json\/wp\/v2\/pages"}],"about":[{"href":"https:\/\/helpsnowboards.com\/en\/wp-json\/wp\/v2\/types\/page"}],"author":[{"embeddable":true,"href":"https:\/\/helpsnowboards.com\/en\/wp-json\/wp\/v2\/users\/2"}],"replies":[{"embeddable":true,"href":"https:\/\/helpsnowboards.com\/en\/wp-json\/wp\/v2\/comments?post=164448"}],"version-history":[{"count":0,"href":"https:\/\/helpsnowboards.com\/en\/wp-json\/wp\/v2\/pages\/164448\/revisions"}],"wp:attachment":[{"href":"https:\/\/helpsnowboards.com\/en\/wp-json\/wp\/v2\/media?parent=164448"}],"curies":[{"name":"wp","href":"https:\/\/api.w.org\/{rel}","templated":true}]}}